{"id":52,"date":"2019-05-26T14:46:42","date_gmt":"2019-05-26T14:46:42","guid":{"rendered":"http:\/\/www.oskwala.pl\/?page_id=52"},"modified":"2019-06-09T18:39:01","modified_gmt":"2019-06-09T18:39:01","slug":"kierowca-zawodowy","status":"publish","type":"page","link":"http:\/\/www.oskwala.pl\/?page_id=52","title":{"rendered":"KIEROWCA ZAWODOWY"},"content":{"rendered":"<div class=\"n2-section-smartslider fitvidsignore \" data-ssid=\"7\" tabindex=\"0\" role=\"region\" aria-label=\"Slider\"><div id=\"n2-ss-7-align\" class=\"n2-ss-align\"><div class=\"n2-padding\"><div id=\"n2-ss-7\" data-creator=\"Smart Slider 3\" data-responsive=\"auto\" class=\"n2-ss-slider n2-ow n2-has-hover n2notransition  \"><div class=\"n2-ss-slider-wrapper-inside\">\n        <div class=\"n2-ss-slider-1 n2_ss__touch_element n2-ow\">\n            <div class=\"n2-ss-slider-2 n2-ow\">\n                                                <div class=\"n2-ss-slider-3 n2-ow\">\n\n                    <div class=\"n2-ss-slide-backgrounds n2-ow-all\"><div class=\"n2-ss-slide-background\" data-public-id=\"1\" data-mode=\"fill\"><div class=\"n2-ss-slide-background-image\" data-blur=\"0\" data-opacity=\"100\" data-x=\"50\" data-y=\"50\" data-alt=\"\" data-title=\"\"><picture class=\"skip-lazy\" data-skip-lazy=\"1\"><img decoding=\"async\" src=\"\/\/www.oskwala.pl\/wp-content\/uploads\/2019\/06\/8-kz.jpg\" alt=\"\" title=\"\" loading=\"lazy\" class=\"skip-lazy\" data-skip-lazy=\"1\"><\/picture><\/div><div data-color=\"RGBA(255,255,255,0)\" style=\"background-color: RGBA(255,255,255,0);\" class=\"n2-ss-slide-background-color\"><\/div><\/div><div class=\"n2-ss-slide-background\" data-public-id=\"2\" data-mode=\"fill\" aria-hidden=\"true\"><div class=\"n2-ss-slide-background-image\" data-blur=\"0\" data-opacity=\"100\" data-x=\"50\" data-y=\"50\" data-alt=\"\" data-title=\"\"><picture class=\"skip-lazy\" data-skip-lazy=\"1\"><img decoding=\"async\" src=\"\/\/www.oskwala.pl\/wp-content\/uploads\/2019\/06\/7-kz.jpg\" alt=\"\" title=\"\" loading=\"lazy\" class=\"skip-lazy\" data-skip-lazy=\"1\"><\/picture><\/div><div data-color=\"RGBA(255,255,255,0)\" style=\"background-color: RGBA(255,255,255,0);\" class=\"n2-ss-slide-background-color\"><\/div><\/div><\/div>                    <div class=\"n2-ss-slider-4 n2-ow\">\n                        <svg xmlns=\"http:\/\/www.w3.org\/2000\/svg\" viewBox=\"0 0 1200 500\" data-related-device=\"desktopPortrait\" class=\"n2-ow n2-ss-preserve-size n2-ss-preserve-size--slider n2-ss-slide-limiter\"><\/svg><div data-first=\"1\" data-slide-duration=\"0\" data-id=\"24\" data-slide-public-id=\"1\" data-title=\"8 kz\" class=\"n2-ss-slide n2-ow  n2-ss-slide-24\"><div role=\"note\" class=\"n2-ss-slide--focus\" tabindex=\"-1\">8 kz<\/div><div class=\"n2-ss-layers-container n2-ss-slide-limiter n2-ow\"><div class=\"n2-ss-layer n2-ow n-uc-g2OBEPBod4mc\" data-sstype=\"slide\" data-pm=\"default\"><\/div><\/div><\/div><div data-slide-duration=\"0\" data-id=\"25\" data-slide-public-id=\"2\" aria-hidden=\"true\" data-title=\"7 kz\" class=\"n2-ss-slide n2-ow  n2-ss-slide-25\"><div role=\"note\" class=\"n2-ss-slide--focus\" tabindex=\"-1\">7 kz<\/div><div class=\"n2-ss-layers-container n2-ss-slide-limiter n2-ow\"><div class=\"n2-ss-layer n2-ow n-uc-85X5mkRQ0mFA\" data-sstype=\"slide\" data-pm=\"default\"><\/div><\/div><\/div>                    <\/div>\n\n                                    <\/div>\n            <\/div>\n        <\/div>\n        <div class=\"n2-ss-slider-controls n2-ss-slider-controls-absolute-left-center\"><div style=\"--widget-offset:15px;\" class=\"n2-ss-widget nextend-arrow n2-ow-all nextend-arrow-previous  nextend-arrow-animated-fade\" data-hide-mobileportrait=\"1\" id=\"n2-ss-7-arrow-previous\" role=\"button\" aria-label=\"previous arrow\" tabindex=\"0\"><img loading=\"lazy\" decoding=\"async\" width=\"32\" height=\"32\" class=\"skip-lazy\" data-skip-lazy=\"1\" src=\"data:image\/svg+xml;base64,PHN2ZyB3aWR0aD0iMzIiIGhlaWdodD0iMzIiIHZpZXdCb3g9IjAgMCAzMiAzMiIgeG1sbnM9Imh0dHA6Ly93d3cudzMub3JnLzIwMDAvc3ZnIj4KICAgIDxwYXRoIGQ9Ik0xMS40MzMgMTUuOTkyTDIyLjY5IDUuNzEyYy4zOTMtLjM5LjM5My0xLjAzIDAtMS40Mi0uMzkzLS4zOS0xLjAzLS4zOS0xLjQyMyAwbC0xMS45OCAxMC45NGMtLjIxLjIxLS4zLjQ5LS4yODUuNzYtLjAxNS4yOC4wNzUuNTYuMjg0Ljc3bDExLjk4IDEwLjk0Yy4zOTMuMzkgMS4wMy4zOSAxLjQyNCAwIC4zOTMtLjQuMzkzLTEuMDMgMC0xLjQybC0xMS4yNTctMTAuMjkiCiAgICAgICAgICBmaWxsPSIjZmZmZmZmIiBvcGFjaXR5PSIwLjgiIGZpbGwtcnVsZT0iZXZlbm9kZCIvPgo8L3N2Zz4=\" alt=\"previous arrow\"><\/div><\/div><div class=\"n2-ss-slider-controls n2-ss-slider-controls-absolute-right-center\"><div style=\"--widget-offset:15px;\" class=\"n2-ss-widget nextend-arrow n2-ow-all nextend-arrow-next  nextend-arrow-animated-fade\" data-hide-mobileportrait=\"1\" id=\"n2-ss-7-arrow-next\" role=\"button\" aria-label=\"next arrow\" tabindex=\"0\"><img loading=\"lazy\" decoding=\"async\" width=\"32\" height=\"32\" class=\"skip-lazy\" data-skip-lazy=\"1\" src=\"data:image\/svg+xml;base64,PHN2ZyB3aWR0aD0iMzIiIGhlaWdodD0iMzIiIHZpZXdCb3g9IjAgMCAzMiAzMiIgeG1sbnM9Imh0dHA6Ly93d3cudzMub3JnLzIwMDAvc3ZnIj4KICAgIDxwYXRoIGQ9Ik0xMC43MjIgNC4yOTNjLS4zOTQtLjM5LTEuMDMyLS4zOS0xLjQyNyAwLS4zOTMuMzktLjM5MyAxLjAzIDAgMS40MmwxMS4yODMgMTAuMjgtMTEuMjgzIDEwLjI5Yy0uMzkzLjM5LS4zOTMgMS4wMiAwIDEuNDIuMzk1LjM5IDEuMDMzLjM5IDEuNDI3IDBsMTIuMDA3LTEwLjk0Yy4yMS0uMjEuMy0uNDkuMjg0LS43Ny4wMTQtLjI3LS4wNzYtLjU1LS4yODYtLjc2TDEwLjcyIDQuMjkzeiIKICAgICAgICAgIGZpbGw9IiNmZmZmZmYiIG9wYWNpdHk9IjAuOCIgZmlsbC1ydWxlPSJldmVub2RkIi8+Cjwvc3ZnPg==\" alt=\"next arrow\"><\/div><\/div><\/div><\/div><ss3-loader><\/ss3-loader><\/div><\/div><div class=\"n2_clear\"><\/div><\/div>\n\n\n<div style=\"height:30px\" aria-hidden=\"true\" class=\"wp-block-spacer\"><\/div>\n\n\n\n<h3 class=\"wp-block-heading\">KIEROWCA ZAWODOWY<\/h3>\n\n\n\n<h4 class=\"wp-block-heading\"><strong>O\u015brodek organizuje szkolenia w ramach Kwalifikacji dla kierowc\u00f3w wykonuj\u0105cych transport drogowy<\/strong><\/h4>\n\n\n\n<p style=\"text-align:center\"><em>Zgodnie\nz zapisami ustawy Prawo o ruchu drogowym (Dz. U. 1997r. Nr98poz.602,\nustawy o\ntransporcie drogowym (Dz. U. 2001r. Nr 125 poz.1371) oraz rozporz\u0105dzenia\nMinistra Infrastruktury w sprawie szkolenia kierowc\u00f3w\nwykonuj\u0105cych przew\u00f3z\ndrogowy z dnia 1 kwietnia 2010r. Kierowcy zawodowi s\u0105 zobowi\u0105zani\nuko\u0144czy\u0107\npierwsze szkolenie okresowe i uzyska\u0107 wymagany wpis do prawa jazdy (KOD\n\u201e95\u201d) w\nzale\u017cno\u015bci od daty otrzymania kategorii prawa jazdy w nast\u0119puj\u0105cych\nterminach<\/em><\/p>\n\n\n\n<p> <\/p>\n\n\n\n<table class=\"wp-block-table aligncenter is-style-regular\"><tbody><tr><td><strong>Kategoria prawa jazdy<\/strong><\/td><td><strong> Termin uzyskania uprawnie\u0144 <\/strong><\/td><td><strong> Termin uko\u0144czenia kursu i uzyskania wpisu do prawa jazdy<\/strong> <\/td><\/tr><tr><td> <strong>D1, D1+E, D, D+E<\/strong> <\/td><td> Do dnia 31 grudnia 1980r. <\/td><td> 10 wrze\u015bnia 2009r. <\/td><\/tr><tr><td> D1, D1+E, D, D+E <\/td><td> Od 1 stycznia 1981r. do 31 grudnia 1990r <\/td><td> 10 wrze\u015bnia 2010r. <\/td><\/tr><tr><td> D1, D1+E, D, D+E <\/td><td> Od 1 stycznia 1991r. do 31 grudnia 2000r. <\/td><td> 10 wrze\u015bnia 2011r. <\/td><\/tr><tr><td> D1, D1+E, D, D+E <\/td><td> Od 1 stycznia 2001r. do 31 grudnia 2005r. <\/td><td> 10 wrze\u015bnia 2012r. <\/td><\/tr><tr><td> D1, D1+E, D, D+E <\/td><td> Od 1 stycznia 2006r. do 10 wrze\u015bnia 2008r. <\/td><td> 10 wrze\u015bnia 2013r. <\/td><\/tr><tr><td> <strong>C1, C1+E, C, C+E<\/strong> <\/td><td> Do dnia 31 grudnia 1980r. <\/td><td> 10 wrze\u015bnia 2010r. <\/td><\/tr><tr><td> C1, C1+E, C, C+E <\/td><td> Od 1 stycznia 1981r. do 31 grudnia 1995r. <\/td><td> 10 wrze\u015bnia 2011r. <\/td><\/tr><tr><td> C1, C1+E, C, C+E <\/td><td> Od 1 stycznia 1996r. do 31 grudnia 2000r. <\/td><td> 10 wrze\u015bnia 2012r <\/td><\/tr><tr><td> C1, C1+E, C, C+E <\/td><td> Od 1 stycznia 2001r. do 31 grudnia 2005r. <\/td><td> 10 wrze\u015bnia 2013r. <\/td><\/tr><tr><td> C1, C1+E, C, C+E <\/td><td> Od 1 stycznia 2006r. do 10 wrze\u015bnia 2009r. <\/td><td> 10 wrze\u015bnia 2014r. <\/td><\/tr><\/tbody><\/table>\n","protected":false},"excerpt":{"rendered":"<p>KIEROWCA ZAWODOWY O\u015brodek organizuje szkolenia w ramach Kwalifikacji dla kierowc\u00f3w wykonuj\u0105cych transport drogowy Zgodnie z zapisami ustawy Prawo o ruchu drogowym (Dz. U. 1997r. Nr98poz.602,&hellip;<\/p>\n","protected":false},"author":1,"featured_media":0,"parent":0,"menu_order":0,"comment_status":"closed","ping_status":"closed","template":"","meta":{"footnotes":""},"class_list":["post-52","page","type-page","status-publish","hentry"],"_links":{"self":[{"href":"http:\/\/www.oskwala.pl\/index.php?rest_route=\/wp\/v2\/pages\/52","targetHints":{"allow":["GET"]}}],"collection":[{"href":"http:\/\/www.oskwala.pl\/index.php?rest_route=\/wp\/v2\/pages"}],"about":[{"href":"http:\/\/www.oskwala.pl\/index.php?rest_route=\/wp\/v2\/types\/page"}],"author":[{"embeddable":true,"href":"http:\/\/www.oskwala.pl\/index.php?rest_route=\/wp\/v2\/users\/1"}],"replies":[{"embeddable":true,"href":"http:\/\/www.oskwala.pl\/index.php?rest_route=%2Fwp%2Fv2%2Fcomments&post=52"}],"version-history":[{"count":25,"href":"http:\/\/www.oskwala.pl\/index.php?rest_route=\/wp\/v2\/pages\/52\/revisions"}],"predecessor-version":[{"id":304,"href":"http:\/\/www.oskwala.pl\/index.php?rest_route=\/wp\/v2\/pages\/52\/revisions\/304"}],"wp:attachment":[{"href":"http:\/\/www.oskwala.pl\/index.php?rest_route=%2Fwp%2Fv2%2Fmedia&parent=52"}],"curies":[{"name":"wp","href":"https:\/\/api.w.org\/{rel}","templated":true}]}}