{"id":461,"date":"2026-01-16T19:23:11","date_gmt":"2026-01-16T19:23:11","guid":{"rendered":"http:\/\/www.oskwala.pl\/?page_id=461"},"modified":"2026-03-24T18:33:10","modified_gmt":"2026-03-24T18:33:10","slug":"do-pobrania","status":"publish","type":"page","link":"http:\/\/www.oskwala.pl\/?page_id=461","title":{"rendered":"DO POBRANIA"},"content":{"rendered":"\n<p>Tutaj mo\u017cna pobra\u0107 aktualne dokumenty i rozporz\u0105dzenia<\/p>\n\n\n\n<div class=\"wp-block-file\"><a id=\"wp-block-file--media-3439bc9a-ab5c-41a3-acc4-36135e643999\" href=\"http:\/\/www.oskwala.pl\/wp-content\/uploads\/2026\/03\/Standardy-ochrony-maloletnich-1.pdf\">Standardy-ochrony-ma\u0142oletnich<\/a><a href=\"http:\/\/www.oskwala.pl\/wp-content\/uploads\/2026\/03\/Standardy-ochrony-maloletnich-1.pdf\" class=\"wp-block-file__button wp-element-button\" download aria-describedby=\"wp-block-file--media-3439bc9a-ab5c-41a3-acc4-36135e643999\">Pobierz<\/a><\/div>\n\n\n\n<div class=\"wp-block-file\"><a id=\"wp-block-file--media-990b8e2d-0dac-44a0-8fe6-ce54693ea251\" href=\"http:\/\/www.oskwala.pl\/wp-content\/uploads\/2026\/03\/Standardy-ochrony-maloletnich-wersja-skrocona-1.pdf\">Standardy-ochrony-ma\u0142oletnich-wersja-skr\u00f3cona<\/a><a href=\"http:\/\/www.oskwala.pl\/wp-content\/uploads\/2026\/03\/Standardy-ochrony-maloletnich-wersja-skrocona-1.pdf\" class=\"wp-block-file__button wp-element-button\" download aria-describedby=\"wp-block-file--media-990b8e2d-0dac-44a0-8fe6-ce54693ea251\">Pobierz<\/a><\/div>\n","protected":false},"excerpt":{"rendered":"<p>Tutaj mo\u017cna pobra\u0107 aktualne dokumenty i rozporz\u0105dzenia<\/p>\n","protected":false},"author":1,"featured_media":0,"parent":0,"menu_order":0,"comment_status":"closed","ping_status":"closed","template":"","meta":{"footnotes":""},"class_list":["post-461","page","type-page","status-publish","hentry"],"_links":{"self":[{"href":"http:\/\/www.oskwala.pl\/index.php?rest_route=\/wp\/v2\/pages\/461","targetHints":{"allow":["GET"]}}],"collection":[{"href":"http:\/\/www.oskwala.pl\/index.php?rest_route=\/wp\/v2\/pages"}],"about":[{"href":"http:\/\/www.oskwala.pl\/index.php?rest_route=\/wp\/v2\/types\/page"}],"author":[{"embeddable":true,"href":"http:\/\/www.oskwala.pl\/index.php?rest_route=\/wp\/v2\/users\/1"}],"replies":[{"embeddable":true,"href":"http:\/\/www.oskwala.pl\/index.php?rest_route=%2Fwp%2Fv2%2Fcomments&post=461"}],"version-history":[{"count":7,"href":"http:\/\/www.oskwala.pl\/index.php?rest_route=\/wp\/v2\/pages\/461\/revisions"}],"predecessor-version":[{"id":476,"href":"http:\/\/www.oskwala.pl\/index.php?rest_route=\/wp\/v2\/pages\/461\/revisions\/476"}],"wp:attachment":[{"href":"http:\/\/www.oskwala.pl\/index.php?rest_route=%2Fwp%2Fv2%2Fmedia&parent=461"}],"curies":[{"name":"wp","href":"https:\/\/api.w.org\/{rel}","templated":true}]}}