{"id":46,"date":"2019-05-26T14:42:41","date_gmt":"2019-05-26T14:42:41","guid":{"rendered":"http:\/\/www.oskwala.pl\/?page_id=46"},"modified":"2019-06-09T19:00:35","modified_gmt":"2019-06-09T19:00:35","slug":"dojazd","status":"publish","type":"page","link":"http:\/\/www.oskwala.pl\/?page_id=46","title":{"rendered":"DOJAZD"},"content":{"rendered":"<div class=\"n2-section-smartslider fitvidsignore \" data-ssid=\"10\" tabindex=\"0\" role=\"region\" aria-label=\"Slider\"><div id=\"n2-ss-10-align\" class=\"n2-ss-align\"><div class=\"n2-padding\"><div id=\"n2-ss-10\" data-creator=\"Smart Slider 3\" data-responsive=\"auto\" class=\"n2-ss-slider n2-ow n2-has-hover n2notransition  \">\n        <div class=\"n2-ss-slider-1 n2_ss__touch_element n2-ow\">\n            <div class=\"n2-ss-slider-2 n2-ow\">\n                                                <div class=\"n2-ss-slider-3 n2-ow\">\n\n                    <div class=\"n2-ss-slide-backgrounds n2-ow-all\"><div class=\"n2-ss-slide-background\" data-public-id=\"1\" data-mode=\"fill\"><div class=\"n2-ss-slide-background-image\" data-blur=\"0\" data-opacity=\"100\" data-x=\"50\" data-y=\"50\" data-alt=\"\" data-title=\"\"><picture class=\"skip-lazy\" data-skip-lazy=\"1\"><img decoding=\"async\" src=\"\/\/www.oskwala.pl\/wp-content\/uploads\/2019\/06\/12-dojazd.png\" alt=\"\" title=\"\" loading=\"lazy\" class=\"skip-lazy\" data-skip-lazy=\"1\"><\/picture><\/div><div data-color=\"RGBA(255,255,255,0)\" style=\"background-color: RGBA(255,255,255,0);\" class=\"n2-ss-slide-background-color\"><\/div><\/div><\/div>                    <div class=\"n2-ss-slider-4 n2-ow\">\n                        <svg xmlns=\"http:\/\/www.w3.org\/2000\/svg\" viewBox=\"0 0 1200 500\" data-related-device=\"desktopPortrait\" class=\"n2-ow n2-ss-preserve-size n2-ss-preserve-size--slider n2-ss-slide-limiter\"><\/svg><div data-first=\"1\" data-slide-duration=\"0\" data-id=\"33\" data-slide-public-id=\"1\" data-title=\"12 dojazd\" class=\"n2-ss-slide n2-ow  n2-ss-slide-33\"><div role=\"note\" class=\"n2-ss-slide--focus\" tabindex=\"-1\">12 dojazd<\/div><div class=\"n2-ss-layers-container n2-ss-slide-limiter n2-ow\"><div class=\"n2-ss-layer n2-ow n-uc-jcsNEuaZ9TjT\" data-sstype=\"slide\" data-pm=\"default\"><\/div><\/div><\/div>                    <\/div>\n\n                                    <\/div>\n            <\/div>\n        <\/div>\n        <\/div><ss3-loader><\/ss3-loader><\/div><\/div><div class=\"n2_clear\"><\/div><\/div>\n\n\n<div style=\"height:30px\" aria-hidden=\"true\" class=\"wp-block-spacer\"><\/div>\n\n\n\n<h3 class=\"wp-block-heading\">DOJAZD<\/h3>\n\n\n\n<p style=\"text-align:center\">Dojazd do naszej firmy\njest bardzo \u0142atwy i przyjemny. Je\u015bli podr\u00f3\u017cuj\u0105 pa\u0144stwo\nul.Rybnick\u0105 od\nstrony Wodzis\u0142awia \u015al\u0105skiego i zmierzaj\u0105 w kierunku Rybnika to prosimy\nzjecha\u0107\nw pierwsz\u0105 drog\u0119 &nbsp;na przeciwko stacji PKP.<\/p>\n\n\n\n<p>Dla u\u0142atwienia dotarcia do naszej firmy umie\u015bcili\u015bmy na naszej stronie map\u0119 z dojazdem.<\/p>\n\n\n\n<div class=\"wp-block-columns has-2-columns is-layout-flex wp-container-core-columns-is-layout-9d6595d7 wp-block-columns-is-layout-flex\">\n<div class=\"wp-block-column is-layout-flow wp-block-column-is-layout-flow\">\n<figure><iframe loading=\"lazy\" src=\"https:\/\/www.google.com\/maps\/embed?pb=!1m18!1m12!1m3!1d1524.247487191686!2d18.477915978379674!3d50.02131656447427!2m3!1f0!2f0!3f0!3m2!1i1024!2i768!4f13.1!3m3!1m2!1s0x4711502fa7f4d54d%3A0xef6aed13f96639bd!2sWala+Adam.+O%C5%9Brodek+szkolenia+kierowc%C3%B3w!5e0!3m2!1spl!2spl!4v1558882564575!5m2!1spl!2spl\" width=\"800\" height=\"600\" allowfullscreen=\"\"><\/iframe><\/figure>\n<\/div>\n\n\n\n<div class=\"wp-block-column is-layout-flow wp-block-column-is-layout-flow\">\n<p style=\"text-align:center\"><strong>Adres:<\/strong><br><br> ul. Letnia 39<br> 44-313 Wodzis\u0142aw \u015al\u0105ski<br> tel\/fax. 032 455 56 10<br> kom 505 008 906<br> e-mail:&nbsp;<a href=\"oskwala@wp.pl\">os<\/a>kwala@wp.pl <\/p>\n<\/div>\n<\/div>\n","protected":false},"excerpt":{"rendered":"<p>DOJAZD Dojazd do naszej firmy jest bardzo \u0142atwy i przyjemny. Je\u015bli podr\u00f3\u017cuj\u0105 pa\u0144stwo ul.Rybnick\u0105 od strony Wodzis\u0142awia \u015al\u0105skiego i zmierzaj\u0105 w kierunku Rybnika to prosimy&hellip;<\/p>\n","protected":false},"author":1,"featured_media":0,"parent":0,"menu_order":0,"comment_status":"closed","ping_status":"closed","template":"","meta":{"footnotes":""},"class_list":["post-46","page","type-page","status-publish","hentry"],"_links":{"self":[{"href":"http:\/\/www.oskwala.pl\/index.php?rest_route=\/wp\/v2\/pages\/46","targetHints":{"allow":["GET"]}}],"collection":[{"href":"http:\/\/www.oskwala.pl\/index.php?rest_route=\/wp\/v2\/pages"}],"about":[{"href":"http:\/\/www.oskwala.pl\/index.php?rest_route=\/wp\/v2\/types\/page"}],"author":[{"embeddable":true,"href":"http:\/\/www.oskwala.pl\/index.php?rest_route=\/wp\/v2\/users\/1"}],"replies":[{"embeddable":true,"href":"http:\/\/www.oskwala.pl\/index.php?rest_route=%2Fwp%2Fv2%2Fcomments&post=46"}],"version-history":[{"count":19,"href":"http:\/\/www.oskwala.pl\/index.php?rest_route=\/wp\/v2\/pages\/46\/revisions"}],"predecessor-version":[{"id":310,"href":"http:\/\/www.oskwala.pl\/index.php?rest_route=\/wp\/v2\/pages\/46\/revisions\/310"}],"wp:attachment":[{"href":"http:\/\/www.oskwala.pl\/index.php?rest_route=%2Fwp%2Fv2%2Fmedia&parent=46"}],"curies":[{"name":"wp","href":"https:\/\/api.w.org\/{rel}","templated":true}]}}